{"id":3999,"date":"2019-11-07T09:32:05","date_gmt":"2019-11-07T09:32:05","guid":{"rendered":"https:\/\/demoapus2.com\/rekon\/?page_id=6"},"modified":"2022-10-18T16:59:48","modified_gmt":"2022-10-18T16:59:48","slug":"hjem","status":"publish","type":"page","link":"https:\/\/sundsmurerfirma.dk\/","title":{"rendered":"Hjem"},"content":{"rendered":"\t\t<div data-elementor-type=\"wp-post\" data-elementor-id=\"3999\" class=\"elementor elementor-3999\">\n\t\t\t\t\t\t\t\t\t<section class=\"elementor-section elementor-top-section elementor-element elementor-element-3b076bb elementor-section-stretched elementor-section-full_width elementor-section-height-default elementor-section-height-default\" data-id=\"3b076bb\" data-element_type=\"section\" data-settings=\"{&quot;stretch_section&quot;:&quot;section-stretched&quot;}\">\n\t\t\t\t\t\t<div class=\"elementor-container elementor-column-gap-extended\">\n\t\t\t\t\t<div class=\"elementor-column elementor-col-100 elementor-top-column elementor-element elementor-element-fdeaf73\" data-id=\"fdeaf73\" data-element_type=\"column\">\n\t\t\t<div class=\"elementor-widget-wrap elementor-element-populated\">\n\t\t\t\t\t\t\t\t<div class=\"elementor-element elementor-element-98b6318 elementor-widget elementor-widget-apus_element_revslider\" data-id=\"98b6318\" data-element_type=\"widget\" data-widget_type=\"apus_element_revslider.default\">\n\t\t\t\t<div class=\"elementor-widget-container\">\n\t\t\t        <div class=\"widget-revslider \">\r\n            \n\t\t\t<!-- START Slideshow Home 1 REVOLUTION SLIDER 6.5.31 --><p class=\"rs-p-wp-fix\"><\/p>\n\t\t\t<rs-module-wrap id=\"rev_slider_1_1_wrapper\" data-source=\"gallery\" style=\"visibility:hidden;background:transparent;padding:0;\">\n\t\t\t\t<rs-module id=\"rev_slider_1_1\" style=\"\" data-version=\"6.5.31\">\n\t\t\t\t\t<rs-slides>\n\t\t\t\t\t\t<rs-slide style=\"position: absolute;\" data-key=\"rs-1\" data-title=\"Slide 1\" data-thumb=\"\/\/sundsmurerfirma.dk\/wp-content\/uploads\/revslider\/video-media\/Video-uden-titel_1-50x100.jpeg\" data-in=\"o:0;\" data-out=\"a:false;\" data-alttrans=\"fadefromleft\">\n\t\t\t\t\t\t\t<img src=\"\/\/sundsmurerfirma.dk\/wp-content\/plugins\/revslider\/public\/assets\/assets\/dummy.png\" alt=\"\" title=\"Video-uden-titel_1.jpeg\" width=\"1920\" height=\"1080\" class=\"rev-slidebg tp-rs-img rs-lazyload\" data-lazyload=\"\/\/sundsmurerfirma.dk\/wp-content\/uploads\/revslider\/video-media\/Video-uden-titel_1.jpeg\" data-parallax=\"6\" data-no-retina>\n\t\t\t\t\t\t\t<rs-bgvideo \n\t\t\t\t\t\t\t\tdata-video=\"w:100%;h:100%;sta:00:03;l:false;ptimer:false;vfc:true;\"\n\t\t\t\t\t\t\t\tdata-mp4=\"\/\/sundsmurerfirma.dk\/wp-content\/uploads\/2022\/10\/Video-uden-titel.mp4\"\n\t\t\t\t\t\t\t><\/rs-bgvideo>\n<!--\n\t\t\t\t\t\t\t--><rs-group\n\t\t\t\t\t\t\t\tid=\"slider-1-slide-1-layer-2\" \n\t\t\t\t\t\t\t\tdata-type=\"group\"\n\t\t\t\t\t\t\t\tdata-rsp_ch=\"on\"\n\t\t\t\t\t\t\t\tdata-xy=\"x:l,l,l,c;y:m;\"\n\t\t\t\t\t\t\t\tdata-text=\"w:normal;s:20,17,12,7;l:25,22,16,9;\"\n\t\t\t\t\t\t\t\tdata-dim=\"w:1140px,1024px,776px,440px;h:285px,256px,253px,283px;\"\n\t\t\t\t\t\t\t\tdata-frame_0=\"y:bottom;\"\n\t\t\t\t\t\t\t\tdata-frame_1=\"sp:1000;\"\n\t\t\t\t\t\t\t\tdata-frame_999=\"o:0;st:w;sR:8000;sA:9000;\"\n\t\t\t\t\t\t\t\tstyle=\"z-index:10;\"\n\t\t\t\t\t\t\t><!--\n\t\t\t\t\t\t\t\t--><rs-layer\n\t\t\t\t\t\t\t\t\tid=\"slider-1-slide-1-layer-1\" \n\t\t\t\t\t\t\t\t\tdata-type=\"text\"\n\t\t\t\t\t\t\t\t\tdata-rsp_ch=\"on\"\n\t\t\t\t\t\t\t\t\tdata-xy=\"x:l,l,l,c;xo:0,30px,15px,0;\"\n\t\t\t\t\t\t\t\t\tdata-text=\"w:normal;s:40,35,64,40;l:80,71,64,50;fw:700;a:left,left,left,center;\"\n\t\t\t\t\t\t\t\t\tdata-dim=\"w:764px,686px,643px,396px;\"\n\t\t\t\t\t\t\t\t\tdata-frame_0=\"y:50,44,33,20;\"\n\t\t\t\t\t\t\t\t\tdata-frame_1=\"st:500;sp:1000;sR:500;\"\n\t\t\t\t\t\t\t\t\tdata-frame_999=\"o:0;st:w;sR:7500;\"\n\t\t\t\t\t\t\t\t\tstyle=\"z-index:9;font-family:'Heebo';text-transform:capitalize;\"\n\t\t\t\t\t\t\t\t>samme ejer siden 1984 \n\t\t\t\t\t\t\t\t<\/rs-layer><!--\n\t\t\t\t\t\t\t--><\/rs-group><!--\n\n\t\t\t\t\t\t\t--><rs-layer\n\t\t\t\t\t\t\t\tid=\"slider-1-slide-1-layer-27\" \n\t\t\t\t\t\t\t\tdata-type=\"shape\"\n\t\t\t\t\t\t\t\tdata-rsp_ch=\"on\"\n\t\t\t\t\t\t\t\tdata-xy=\"xo:7px,6px,4px,2px;\"\n\t\t\t\t\t\t\t\tdata-text=\"w:normal;s:20,17,12,7;l:0,22,16,9;\"\n\t\t\t\t\t\t\t\tdata-dim=\"w:100%;h:100%;\"\n\t\t\t\t\t\t\t\tdata-basealign=\"slide\"\n\t\t\t\t\t\t\t\tdata-frame_999=\"o:0;st:w;sR:8700;\"\n\t\t\t\t\t\t\t\tstyle=\"z-index:8;background-color:rgba(0,0,0,0.4);\"\n\t\t\t\t\t\t\t> \n\t\t\t\t\t\t\t<\/rs-layer><!--\n-->\t\t\t\t\t\t<\/rs-slide>\n\t\t\t\t\t\t<rs-slide style=\"position: absolute;\" data-key=\"rs-2\" data-title=\"Slide 1\" data-thumb=\"\/\/sundsmurerfirma.dk\/wp-content\/uploads\/revslider\/video-media\/house-construction-02-2022-09-08-16-15-23-utc_2-scaled-50x100.jpeg\" data-in=\"o:0;\" data-out=\"a:false;\" data-alttrans=\"fadefromleft\">\n\t\t\t\t\t\t\t<img src=\"\/\/sundsmurerfirma.dk\/wp-content\/plugins\/revslider\/public\/assets\/assets\/dummy.png\" alt=\"\" title=\"house-construction-02-2022-09-08-16-15-23-utc_2.jpeg\" width=\"2560\" height=\"1440\" class=\"rev-slidebg tp-rs-img rs-lazyload\" data-lazyload=\"\/\/sundsmurerfirma.dk\/wp-content\/uploads\/revslider\/video-media\/house-construction-02-2022-09-08-16-15-23-utc_2-scaled.jpeg\" data-parallax=\"6\" data-no-retina>\n\t\t\t\t\t\t\t<rs-bgvideo \n\t\t\t\t\t\t\t\tdata-video=\"w:100%;h:100%;l:false;ptimer:false;vfc:true;\"\n\t\t\t\t\t\t\t\tdata-mp4=\"\/\/sundsmurerfirma.dk\/wp-content\/uploads\/2022\/10\/house-construction-02-2022-09-08-16-15-23-utc.mp4\"\n\t\t\t\t\t\t\t><\/rs-bgvideo>\n<!--\n\t\t\t\t\t\t\t--><rs-group\n\t\t\t\t\t\t\t\tid=\"slider-1-slide-2-layer-2\" \n\t\t\t\t\t\t\t\tdata-type=\"group\"\n\t\t\t\t\t\t\t\tdata-rsp_ch=\"on\"\n\t\t\t\t\t\t\t\tdata-xy=\"x:l,l,l,c;xo:6px,0,0,0;y:m;yo:-52px,0,0,0;\"\n\t\t\t\t\t\t\t\tdata-text=\"w:normal;s:20,17,12,7;l:25,22,16,9;\"\n\t\t\t\t\t\t\t\tdata-dim=\"w:1140px,1024px,775px,478px;h:380px,341px,299px,320px;\"\n\t\t\t\t\t\t\t\tdata-frame_0=\"y:bottom;\"\n\t\t\t\t\t\t\t\tdata-frame_1=\"sp:1000;sR:1000;\"\n\t\t\t\t\t\t\t\tdata-frame_999=\"o:0;st:7500;sR:7000;\"\n\t\t\t\t\t\t\t\tstyle=\"z-index:10;\"\n\t\t\t\t\t\t\t><!--\n\t\t\t\t\t\t\t\t--><rs-layer\n\t\t\t\t\t\t\t\t\tid=\"slider-1-slide-2-layer-17\" \n\t\t\t\t\t\t\t\t\tdata-type=\"text\"\n\t\t\t\t\t\t\t\t\tdata-color=\"#000000\"\n\t\t\t\t\t\t\t\t\tdata-rsp_ch=\"on\"\n\t\t\t\t\t\t\t\t\tdata-xy=\"x:l,l,l,c;xo:4px,30px,15px,0;y:m,m,m,b;yo:-107px,-96px,30px,0;\"\n\t\t\t\t\t\t\t\t\tdata-text=\"w:normal;s:18,16,16,16;l:28,25,26,26;a:left,left,left,center;\"\n\t\t\t\t\t\t\t\t\tdata-dim=\"w:1031px,926px,703px,352px;\"\n\t\t\t\t\t\t\t\t\tdata-vbility=\"t,t,t,f\"\n\t\t\t\t\t\t\t\t\tdata-frame_0=\"y:bottom;\"\n\t\t\t\t\t\t\t\t\tdata-frame_1=\"st:1000;sp:1000;\"\n\t\t\t\t\t\t\t\t\tdata-frame_999=\"o:0;st:w;\"\n\t\t\t\t\t\t\t\t\tstyle=\"z-index:9;font-family:'Rubik';\"\n\t\t\t\t\t\t\t\t> \n\t\t\t\t\t\t\t\t<\/rs-layer><!--\n\t\t\t\t\t\t\t--><\/rs-group><!--\n\n\t\t\t\t\t\t\t--><rs-layer\n\t\t\t\t\t\t\t\tid=\"slider-1-slide-2-layer-1\" \n\t\t\t\t\t\t\t\tdata-type=\"text\"\n\t\t\t\t\t\t\t\tdata-color=\"#000000\"\n\t\t\t\t\t\t\t\tdata-rsp_ch=\"on\"\n\t\t\t\t\t\t\t\tdata-xy=\"x:l,l,l,c;xo:22,30px,15px,0;yo:51,45,0,0;\"\n\t\t\t\t\t\t\t\tdata-text=\"w:normal;s:40,35,64,40;l:80,71,64,50;fw:700;a:center;\"\n\t\t\t\t\t\t\t\tdata-dim=\"w:1042px,935px,545px,336px;\"\n\t\t\t\t\t\t\t\tdata-frame_0=\"y:bottom;\"\n\t\t\t\t\t\t\t\tdata-frame_1=\"st:500;sp:1000;\"\n\t\t\t\t\t\t\t\tdata-frame_999=\"y:-100%;o:0;st:7500;sR:6500;\"\n\t\t\t\t\t\t\t\tdata-frame_999_mask=\"u:t;\"\n\t\t\t\t\t\t\t\tstyle=\"z-index:8;font-family:'Heebo';text-transform:capitalize;\"\n\t\t\t\t\t\t\t>Ingen opgave er for lille til os \n\t\t\t\t\t\t\t<\/rs-layer><!--\n-->\t\t\t\t\t\t<\/rs-slide>\n\t\t\t\t\t\t<rs-slide style=\"position: absolute;\" data-key=\"rs-6\" data-title=\"Slide 1\" data-thumb=\"\/\/sundsmurerfirma.dk\/wp-content\/uploads\/2022\/10\/construction-site-works-2021-08-26-23-04-20-utc-scaled-50x100.jpg\" data-in=\"o:0;\" data-out=\"a:false;\" data-alttrans=\"fadefromleft\">\n\t\t\t\t\t\t\t<img src=\"\/\/sundsmurerfirma.dk\/wp-content\/plugins\/revslider\/public\/assets\/assets\/dummy.png\" alt=\"\" title=\"Construction Site Works\" width=\"2560\" height=\"1639\" class=\"rev-slidebg tp-rs-img rs-lazyload\" data-lazyload=\"\/\/sundsmurerfirma.dk\/wp-content\/uploads\/2022\/10\/construction-site-works-2021-08-26-23-04-20-utc-scaled.jpg\" data-parallax=\"6\" data-no-retina>\n<!--\n\t\t\t\t\t\t\t--><rs-group\n\t\t\t\t\t\t\t\tid=\"slider-1-slide-6-layer-2\" \n\t\t\t\t\t\t\t\tdata-type=\"group\"\n\t\t\t\t\t\t\t\tdata-rsp_ch=\"on\"\n\t\t\t\t\t\t\t\tdata-xy=\"x:l,l,l,c;xo:-4px,0,0,0;y:m;yo:-24px,0,0,0;\"\n\t\t\t\t\t\t\t\tdata-text=\"w:normal;s:20,17,12,7;l:25,22,16,9;\"\n\t\t\t\t\t\t\t\tdata-dim=\"w:1140px,1024px,775px,478px;h:380px,341px,299px,320px;\"\n\t\t\t\t\t\t\t\tdata-frame_0=\"y:bottom;\"\n\t\t\t\t\t\t\t\tdata-frame_1=\"sp:1000;sR:1000;\"\n\t\t\t\t\t\t\t\tdata-frame_999=\"o:0;st:7500;sR:7000;\"\n\t\t\t\t\t\t\t\tstyle=\"z-index:10;\"\n\t\t\t\t\t\t\t><!--\n\t\t\t\t\t\t\t\t--><rs-layer\n\t\t\t\t\t\t\t\t\tid=\"slider-1-slide-6-layer-1\" \n\t\t\t\t\t\t\t\t\tdata-type=\"text\"\n\t\t\t\t\t\t\t\t\tdata-rsp_ch=\"on\"\n\t\t\t\t\t\t\t\t\tdata-xy=\"x:l,l,l,c;xo:3px,30px,15px,0;yo:4px,3px,0,0;\"\n\t\t\t\t\t\t\t\t\tdata-text=\"w:normal;s:70,62,64,40;l:80,71,64,50;fw:700;a:left,left,left,center;\"\n\t\t\t\t\t\t\t\t\tdata-dim=\"w:1042px,935px,545px,336px;\"\n\t\t\t\t\t\t\t\t\tdata-frame_0=\"y:bottom;\"\n\t\t\t\t\t\t\t\t\tdata-frame_1=\"st:500;sp:1000;\"\n\t\t\t\t\t\t\t\t\tdata-frame_999=\"y:-100%;o:0;st:7500;sR:6500;\"\n\t\t\t\t\t\t\t\t\tdata-frame_999_mask=\"u:t;\"\n\t\t\t\t\t\t\t\t\tstyle=\"z-index:9;font-family:'Heebo';text-transform:capitalize;\"\n\t\t\t\t\t\t\t\t>Sunds Murerfirma A\/S \n\t\t\t\t\t\t\t\t<\/rs-layer><!--\n\n\t\t\t\t\t\t\t\t--><rs-layer\n\t\t\t\t\t\t\t\t\tid=\"slider-1-slide-6-layer-17\" \n\t\t\t\t\t\t\t\t\tdata-type=\"text\"\n\t\t\t\t\t\t\t\t\tdata-color=\"#000000\"\n\t\t\t\t\t\t\t\t\tdata-rsp_ch=\"on\"\n\t\t\t\t\t\t\t\t\tdata-xy=\"x:l,l,l,c;xo:2px,30px,15px,0;y:m,m,m,b;yo:-107px,-96px,30px,0;\"\n\t\t\t\t\t\t\t\t\tdata-text=\"w:normal;s:18,16,16,16;l:28,25,26,26;a:left,left,left,center;\"\n\t\t\t\t\t\t\t\t\tdata-dim=\"w:1031px,926px,703px,352px;\"\n\t\t\t\t\t\t\t\t\tdata-vbility=\"t,t,t,f\"\n\t\t\t\t\t\t\t\t\tdata-frame_0=\"y:bottom;\"\n\t\t\t\t\t\t\t\t\tdata-frame_1=\"st:1000;sp:1000;\"\n\t\t\t\t\t\t\t\t\tdata-frame_999=\"o:0;st:w;\"\n\t\t\t\t\t\t\t\t\tstyle=\"z-index:8;font-family:'Rubik';\"\n\t\t\t\t\t\t\t\t> \n\t\t\t\t\t\t\t\t<\/rs-layer><!--\n\t\t\t\t\t\t\t--><\/rs-group><!--\n-->\t\t\t\t\t\t<\/rs-slide>\n\t\t\t\t\t<\/rs-slides>\n\t\t\t\t\t<rs-static-layers><!--\n\t\t\t\t\t--><\/rs-static-layers>\n\t\t\t\t<\/rs-module>\n\t\t\t\t<script>\n\t\t\t\t\tsetREVStartSize({c: 'rev_slider_1_1',rl:[1240,1024,778,480],el:[900,768,600,520],gw:[1140,1024,778,480],gh:[900,768,600,520],type:'standard',justify:'',layout:'fullscreen',offsetContainer:'',offset:'',mh:\"0\"});if (window.RS_MODULES!==undefined && window.RS_MODULES.modules!==undefined && window.RS_MODULES.modules[\"revslider11\"]!==undefined) {window.RS_MODULES.modules[\"revslider11\"].once = false;window.revapi1 = undefined;if (window.RS_MODULES.checkMinimal!==undefined) window.RS_MODULES.checkMinimal()}\n\t\t\t\t<\/script>\n\t\t\t<\/rs-module-wrap>\n\t\t\t<!-- END REVOLUTION SLIDER -->\n        <\/div>\r\n        \t\t<\/div>\n\t\t\t\t<\/div>\n\t\t\t\t\t<\/div>\n\t\t<\/div>\n\t\t\t\t\t\t\t<\/div>\n\t\t<\/section>\n\t\t\t\t<section class=\"elementor-section elementor-top-section elementor-element elementor-element-29070ab elementor-section-stretched elementor-section-boxed elementor-section-height-default elementor-section-height-default\" data-id=\"29070ab\" data-element_type=\"section\" data-settings=\"{&quot;stretch_section&quot;:&quot;section-stretched&quot;,&quot;background_background&quot;:&quot;classic&quot;}\">\n\t\t\t\t\t\t<div class=\"elementor-container elementor-column-gap-extended\">\n\t\t\t\t\t<div class=\"elementor-column elementor-col-50 elementor-top-column elementor-element elementor-element-60d6d64\" data-id=\"60d6d64\" data-element_type=\"column\">\n\t\t\t<div class=\"elementor-widget-wrap elementor-element-populated\">\n\t\t\t\t\t\t\t\t<div class=\"elementor-element elementor-element-a7f8083 elementor-widget elementor-widget-apus_element_banner\" data-id=\"a7f8083\" data-element_type=\"widget\" data-widget_type=\"apus_element_banner.default\">\n\t\t\t\t<div class=\"elementor-widget-container\">\n\t\t\t        <div class=\"widget-banner  style1\">\n                            <div class=\"banner-image-bg\" style=\"background-image:url(https:\/\/sundsmurerfirma.dk\/wp-content\/uploads\/2022\/10\/workspace-at-the-construction-site-2021-12-09-17-30-54-utc-scaled.jpg)\"><\/div>                   \n            \n            <div class=\"widget-banner-inner \">\n                                <div class=\"widget-banner-content\">\n                                    <\/div>\n                            <\/div>\n        <\/div>\n        \t\t<\/div>\n\t\t\t\t<\/div>\n\t\t\t\t\t<\/div>\n\t\t<\/div>\n\t\t\t\t<div class=\"elementor-column elementor-col-50 elementor-top-column elementor-element elementor-element-7ddfd68\" data-id=\"7ddfd68\" data-element_type=\"column\">\n\t\t\t<div class=\"elementor-widget-wrap elementor-element-populated\">\n\t\t\t\t\t\t\t\t<div class=\"elementor-element elementor-element-5772685 elementor-widget elementor-widget-heading\" data-id=\"5772685\" data-element_type=\"widget\" data-widget_type=\"heading.default\">\n\t\t\t\t<div class=\"elementor-widget-container\">\n\t\t\t<style>\/*! elementor - v3.7.8 - 02-10-2022 *\/\n.elementor-heading-title{padding:0;margin:0;line-height:1}.elementor-widget-heading .elementor-heading-title[class*=elementor-size-]>a{color:inherit;font-size:inherit;line-height:inherit}.elementor-widget-heading .elementor-heading-title.elementor-size-small{font-size:15px}.elementor-widget-heading .elementor-heading-title.elementor-size-medium{font-size:19px}.elementor-widget-heading .elementor-heading-title.elementor-size-large{font-size:29px}.elementor-widget-heading .elementor-heading-title.elementor-size-xl{font-size:39px}.elementor-widget-heading .elementor-heading-title.elementor-size-xxl{font-size:59px}<\/style><h2 class=\"elementor-heading-title elementor-size-default\">Sunds Murerfirma A\/S<\/h2>\t\t<\/div>\n\t\t\t\t<\/div>\n\t\t\t\t<div class=\"elementor-element elementor-element-d39263f elementor-widget elementor-widget-text-editor\" data-id=\"d39263f\" data-element_type=\"widget\" data-widget_type=\"text-editor.default\">\n\t\t\t\t<div class=\"elementor-widget-container\">\n\t\t\t<style>\/*! elementor - v3.7.8 - 02-10-2022 *\/\n.elementor-widget-text-editor.elementor-drop-cap-view-stacked .elementor-drop-cap{background-color:#818a91;color:#fff}.elementor-widget-text-editor.elementor-drop-cap-view-framed .elementor-drop-cap{color:#818a91;border:3px solid;background-color:transparent}.elementor-widget-text-editor:not(.elementor-drop-cap-view-default) .elementor-drop-cap{margin-top:8px}.elementor-widget-text-editor:not(.elementor-drop-cap-view-default) .elementor-drop-cap-letter{width:1em;height:1em}.elementor-widget-text-editor .elementor-drop-cap{float:left;text-align:center;line-height:1;font-size:50px}.elementor-widget-text-editor .elementor-drop-cap-letter{display:inline-block}<\/style>\t\t\t\t<p>Sunds Murerfirma leverer betonarbejde til b\u00e5de private, som skal have foretaget en ombygning, tilbygning, renovering eller et nybyggeri.<\/p>\t\t\t\t\t\t<\/div>\n\t\t\t\t<\/div>\n\t\t\t\t<div class=\"elementor-element elementor-element-cea1252 elementor-widget elementor-widget-text-editor\" data-id=\"cea1252\" data-element_type=\"widget\" data-widget_type=\"text-editor.default\">\n\t\t\t\t<div class=\"elementor-widget-container\">\n\t\t\t\t\t\t\t<p>For et uforpligtende tilbud eller blot en snak om, hvad vi kan g\u00f8re for dig, er du altid velkommen til at ringe p\u00e5 20 33 50 56, hvor vores kompetente og erfarne medarbejdere st\u00e5r klar til en snak.\u00a0<\/p>\t\t\t\t\t\t<\/div>\n\t\t\t\t<\/div>\n\t\t\t\t\t<\/div>\n\t\t<\/div>\n\t\t\t\t\t\t\t<\/div>\n\t\t<\/section>\n\t\t\t\t<section class=\"elementor-section elementor-top-section elementor-element elementor-element-a7295ac elementor-section-stretched elementor-section-boxed elementor-section-height-default elementor-section-height-default\" data-id=\"a7295ac\" data-element_type=\"section\" data-settings=\"{&quot;stretch_section&quot;:&quot;section-stretched&quot;,&quot;background_background&quot;:&quot;classic&quot;}\">\n\t\t\t\t\t\t<div class=\"elementor-container elementor-column-gap-extended\">\n\t\t\t\t\t<div class=\"elementor-column elementor-col-100 elementor-top-column elementor-element elementor-element-a3f9224\" data-id=\"a3f9224\" data-element_type=\"column\">\n\t\t\t<div class=\"elementor-widget-wrap\">\n\t\t\t\t\t\t\t\t\t<\/div>\n\t\t<\/div>\n\t\t\t\t\t\t\t<\/div>\n\t\t<\/section>\n\t\t\t\t<section class=\"elementor-section elementor-top-section elementor-element elementor-element-0869844 elementor-section-stretched elementor-section-boxed elementor-section-height-default elementor-section-height-default\" data-id=\"0869844\" data-element_type=\"section\" data-settings=\"{&quot;stretch_section&quot;:&quot;section-stretched&quot;,&quot;background_background&quot;:&quot;classic&quot;}\">\n\t\t\t\t\t\t\t<div class=\"elementor-background-overlay\"><\/div>\n\t\t\t\t\t\t\t<div class=\"elementor-container elementor-column-gap-extended\">\n\t\t\t\t\t<div class=\"elementor-column elementor-col-100 elementor-top-column elementor-element elementor-element-653fb6e\" data-id=\"653fb6e\" data-element_type=\"column\">\n\t\t\t<div class=\"elementor-widget-wrap elementor-element-populated\">\n\t\t\t\t\t\t\t\t<div class=\"elementor-element elementor-element-bb73dee elementor-widget elementor-widget-apus_element_heading\" data-id=\"bb73dee\" data-element_type=\"widget\" data-widget_type=\"apus_element_heading.default\">\n\t\t\t\t<div class=\"elementor-widget-container\">\n\t\t\t<div class=\"apus-heading l-center \"><h2 class=\"heading-title\"><span>Vigtige punkter n\u00e5r du skal bygge<\/span><\/h2><div class=\"wt-separator-outer\">\n                            <div class=\"wt-separator\">\n                                <span class=\"separator-left bg-theme\"><\/span>\n                                <span class=\"separator-right bg-theme\"><\/span>\n                            <\/div>\n                        <\/div><\/div>\t\t<\/div>\n\t\t\t\t<\/div>\n\t\t\t\t<div class=\"elementor-element elementor-element-bb092ed elementor-widget elementor-widget-apus_element_features_box\" data-id=\"bb092ed\" data-element_type=\"widget\" data-widget_type=\"apus_element_features_box.default\">\n\t\t\t\t<div class=\"elementor-widget-container\">\n\t\t\t            <div class=\"widget-features-box  center style2\">\n\n                    <div class=\"row\">\n                                                        <div class=\"col-xs-12 col-sm-6 col-md-4 col-lg-4\">\n                                    <div class=\"item\">\n                                    \n                                    <div class=\"item-inner\">\n\n                                    <div class=\"features-box-image icon\"><i class=\"icon-apus-engineer\"><\/i><\/div><div class=\"features-box-content\"><h3 class=\"title\">Bedst kvalitet<\/h3><div class=\"description\">Vi tilstr\u00e6ber til enhver tid at udf\u00f8rer den bedste kvalitet<\/div><\/div>\n                                <\/div>\n\n                            <\/div>\n\n                            <\/div>\n                                                        <div class=\"col-xs-12 col-sm-6 col-md-4 col-lg-4\">\n                                    <div class=\"item\">\n                                    \n                                    <div class=\"item-inner\">\n\n                                    <div class=\"features-box-image icon\"><i class=\"icon-apus-soil\"><\/i><\/div><div class=\"features-box-content\"><h3 class=\"title\">Stor eller lille?<\/h3><div class=\"description\">Vores arrangement er helt i top uanset opgavens st\u00f8rrelse<\/div><\/div>\n                                <\/div>\n\n                            <\/div>\n\n                            <\/div>\n                                                        <div class=\"col-xs-12 col-sm-6 col-md-4 col-lg-4\">\n                                    <div class=\"item\">\n                                    \n                                    <div class=\"item-inner\">\n\n                                    <div class=\"features-box-image icon\"><i class=\"icon-apus-property\"><\/i><\/div><div class=\"features-box-content\"><h3 class=\"title\">Skitseprojekt<\/h3><div class=\"description\">Vi er ikke bange for at udfordre dine byggedr\u00f8mme, med vores erfaring<\/div><\/div>\n                                <\/div>\n\n                            <\/div>\n\n                            <\/div>\n                                                        <div class=\"col-xs-12 col-sm-6 col-md-4 col-lg-4\">\n                                    <div class=\"item\">\n                                    \n                                    <div class=\"item-inner\">\n\n                                    <div class=\"features-box-image icon\"><i class=\"icon-apus-town\"><\/i><\/div><div class=\"features-box-content\"><h3 class=\"title\">Tryghed<\/h3><div class=\"description\">Det er vigtigt for os at du f\u00f8ler dig tryg ved at bruge os som din h\u00e5ndv\u00e6rker<\/div><\/div>\n                                <\/div>\n\n                            <\/div>\n\n                            <\/div>\n                                                        <div class=\"col-xs-12 col-sm-6 col-md-4 col-lg-4\">\n                                    <div class=\"item\">\n                                    \n                                    <div class=\"item-inner\">\n\n                                    <div class=\"features-box-image icon\"><i class=\"icon-apus-wheelbarrow\"><\/i><\/div><div class=\"features-box-content\"><h3 class=\"title\">Fast pris eller p\u00e5 timel\u00f8n?<\/h3><div class=\"description\">Det er vigtigt at dine forventninger til opgavens omfang og pris harmonerer<\/div><\/div>\n                                <\/div>\n\n                            <\/div>\n\n                            <\/div>\n                                                        <div class=\"col-xs-12 col-sm-6 col-md-4 col-lg-4\">\n                                    <div class=\"item\">\n                                    \n                                    <div class=\"item-inner\">\n\n                                    <div class=\"features-box-image icon\"><i class=\"icon-apus-worker\"><\/i><\/div><div class=\"features-box-content\"><h3 class=\"title\">Aflevering<\/h3><div class=\"description\">Vi gennemg\u00e5r sammen din opgave n\u00e5r den skal afleveres<\/div><\/div>\n                                <\/div>\n\n                            <\/div>\n\n                            <\/div>\n                                            <\/div>\n\n            <\/div>\n            \t\t<\/div>\n\t\t\t\t<\/div>\n\t\t\t\t\t<\/div>\n\t\t<\/div>\n\t\t\t\t\t\t\t<\/div>\n\t\t<\/section>\n\t\t\t\t\t\t\t<\/div>\n\t\t","protected":false},"excerpt":{"rendered":"<p>samme ejer siden 1984 Det er din sikkerhed for godt og solidt murerarbejde til aftalt tid og pris Ingen opgaver er for sm\u00e5 til os Om opgaven er stor eller lille spiller ingen rolle, vi kommer med samme arrangement som altid Sunds Murerfirma A\/S Sunds Murerfirma A\/S Sunds Murerfirma leverer betonarbejde til b\u00e5de private, som &hellip; <br \/><a href=\"https:\/\/sundsmurerfirma.dk\/\" class=\"more-link\">Continue reading <span class=\"screen-reader-text\">Hjem<\/span><\/a><\/p>\n","protected":false},"author":1,"featured_media":0,"parent":0,"menu_order":0,"comment_status":"closed","ping_status":"closed","template":"","meta":{"_mi_skip_tracking":false},"aioseo_notices":[],"_links":{"self":[{"href":"https:\/\/sundsmurerfirma.dk\/index.php?rest_route=\/wp\/v2\/pages\/3999"}],"collection":[{"href":"https:\/\/sundsmurerfirma.dk\/index.php?rest_route=\/wp\/v2\/pages"}],"about":[{"href":"https:\/\/sundsmurerfirma.dk\/index.php?rest_route=\/wp\/v2\/types\/page"}],"author":[{"embeddable":true,"href":"https:\/\/sundsmurerfirma.dk\/index.php?rest_route=\/wp\/v2\/users\/1"}],"replies":[{"embeddable":true,"href":"https:\/\/sundsmurerfirma.dk\/index.php?rest_route=%2Fwp%2Fv2%2Fcomments&post=3999"}],"version-history":[{"count":27,"href":"https:\/\/sundsmurerfirma.dk\/index.php?rest_route=\/wp\/v2\/pages\/3999\/revisions"}],"predecessor-version":[{"id":4201,"href":"https:\/\/sundsmurerfirma.dk\/index.php?rest_route=\/wp\/v2\/pages\/3999\/revisions\/4201"}],"wp:attachment":[{"href":"https:\/\/sundsmurerfirma.dk\/index.php?rest_route=%2Fwp%2Fv2%2Fmedia&parent=3999"}],"curies":[{"name":"wp","href":"https:\/\/api.w.org\/{rel}","templated":true}]}}