{"id":1743,"date":"2019-12-05T09:17:16","date_gmt":"2019-12-05T09:17:16","guid":{"rendered":"https:\/\/demoapus2.com\/rekon\/?page_id=1743"},"modified":"2022-10-18T17:05:12","modified_gmt":"2022-10-18T17:05:12","slug":"profil","status":"publish","type":"page","link":"https:\/\/sundsmurerfirma.dk\/?page_id=1743","title":{"rendered":"Profil"},"content":{"rendered":"\t\t<div data-elementor-type=\"wp-page\" data-elementor-id=\"1743\" class=\"elementor elementor-1743\">\n\t\t\t\t\t\t\t\t\t<section class=\"elementor-section elementor-top-section elementor-element elementor-element-5d38cf0 elementor-section-stretched elementor-section-boxed elementor-section-height-default elementor-section-height-default\" data-id=\"5d38cf0\" data-element_type=\"section\" data-settings=\"{&quot;stretch_section&quot;:&quot;section-stretched&quot;}\">\n\t\t\t\t\t\t<div class=\"elementor-container elementor-column-gap-extended\">\n\t\t\t\t\t<div class=\"elementor-column elementor-col-100 elementor-top-column elementor-element elementor-element-1058d42\" data-id=\"1058d42\" data-element_type=\"column\">\n\t\t\t<div class=\"elementor-widget-wrap elementor-element-populated\">\n\t\t\t\t\t\t\t\t<div class=\"elementor-element elementor-element-3bbd28b elementor-widget elementor-widget-heading\" data-id=\"3bbd28b\" data-element_type=\"widget\" data-widget_type=\"heading.default\">\n\t\t\t\t<div class=\"elementor-widget-container\">\n\t\t\t<style>\/*! elementor - v3.7.8 - 02-10-2022 *\/\n.elementor-heading-title{padding:0;margin:0;line-height:1}.elementor-widget-heading .elementor-heading-title[class*=elementor-size-]>a{color:inherit;font-size:inherit;line-height:inherit}.elementor-widget-heading .elementor-heading-title.elementor-size-small{font-size:15px}.elementor-widget-heading .elementor-heading-title.elementor-size-medium{font-size:19px}.elementor-widget-heading .elementor-heading-title.elementor-size-large{font-size:29px}.elementor-widget-heading .elementor-heading-title.elementor-size-xl{font-size:39px}.elementor-widget-heading .elementor-heading-title.elementor-size-xxl{font-size:59px}<\/style><h2 class=\"elementor-heading-title elementor-size-default\">Vi er altid klar til at hj\u00e6lpe dig<\/h2>\t\t<\/div>\n\t\t\t\t<\/div>\n\t\t\t\t<div class=\"elementor-element elementor-element-c427ff4 elementor-widget elementor-widget-heading\" data-id=\"c427ff4\" data-element_type=\"widget\" data-widget_type=\"heading.default\">\n\t\t\t\t<div class=\"elementor-widget-container\">\n\t\t\t<p class=\"elementor-heading-title elementor-size-default\">Sunds Murerfirma har eksisteret siden 1984 og er en traditionel murer- og betonvirksomhed. Virksomheden laver stort set alt inden for Beton, elementmontage og murerarbejde. Vores stab af veluddannede medarbejdere er alle erfarne, og mange af dem har v\u00e6ret med helt fra virksomhedens start. Ligeledes har vi en r\u00e6kke faste samarbejdspartnere. Til sammen giver de to ting Sunds Murerfirma et solidt grundlag for at udf\u00f8re enhver opgave, p\u00e5 bedste vis.<br><br>\nSelvom virksomheden startede som et traditionelt murerfirma, har vi udviklet os til at have et bredt kompetenceomr\u00e5de, og en stor del af arbejdsopgaverne er i dag ogs\u00e5 betonelement montage.<br><br>\nVi har en meget bred kundekreds, som d\u00e6kker b\u00e5de entrepren\u00f8rvirksomheder, andre erhvervskunder, offentlige institutioner,og alle slags private kunder, overalt i Danmark.<br><br>\nGrundl\u00e6ggende er du ved at v\u00e6lge en l\u00f8sning fra Sunds Murerfirma altid garanteret et arbejde til tiden i allerbedste kvalitet.<br><br>\nVores medarbejdere st\u00e5r altid klar til at hj\u00e6lpe med dit projekt. Uanset hvad du st\u00e5r over for, kan vi levere vejledning, s\u00e5 du f\u00e5r valgt og udf\u00f8rt den helt rigtige l\u00f8sning. Ligeledes l\u00e6gger vi ogs\u00e5 fokus p\u00e5 en god dialog med vores kunder undervejs i processen. Ingen opgave er for stor eller lille for Sunds Murerfirma.<\/p>\t\t<\/div>\n\t\t\t\t<\/div>\n\t\t\t\t\t<\/div>\n\t\t<\/div>\n\t\t\t\t\t\t\t<\/div>\n\t\t<\/section>\n\t\t\t\t<section class=\"elementor-section elementor-top-section elementor-element elementor-element-0137808 elementor-section-boxed elementor-section-height-default elementor-section-height-default\" data-id=\"0137808\" data-element_type=\"section\">\n\t\t\t\t\t\t<div class=\"elementor-container elementor-column-gap-default\">\n\t\t\t\t\t<div class=\"elementor-column elementor-col-100 elementor-top-column elementor-element elementor-element-5d43bd9\" data-id=\"5d43bd9\" data-element_type=\"column\">\n\t\t\t<div class=\"elementor-widget-wrap elementor-element-populated\">\n\t\t\t\t\t\t\t\t<div class=\"elementor-element elementor-element-364eedb elementor-widget elementor-widget-image\" data-id=\"364eedb\" data-element_type=\"widget\" data-widget_type=\"image.default\">\n\t\t\t\t<div class=\"elementor-widget-container\">\n\t\t\t<style>\/*! elementor - v3.7.8 - 02-10-2022 *\/\n.elementor-widget-image{text-align:center}.elementor-widget-image a{display:inline-block}.elementor-widget-image a img[src$=\".svg\"]{width:48px}.elementor-widget-image img{vertical-align:middle;display:inline-block}<\/style>\t\t\t\t\t\t\t\t\t\t\t\t<img width=\"500\" height=\"333\" src=\"https:\/\/sundsmurerfirma.dk\/wp-content\/uploads\/2022\/10\/shutterstock_86219923.jpg\" class=\"attachment-full size-full\" alt=\"\" loading=\"lazy\" srcset=\"https:\/\/sundsmurerfirma.dk\/wp-content\/uploads\/2022\/10\/shutterstock_86219923.jpg 500w, https:\/\/sundsmurerfirma.dk\/wp-content\/uploads\/2022\/10\/shutterstock_86219923-300x200.jpg 300w, https:\/\/sundsmurerfirma.dk\/wp-content\/uploads\/2022\/10\/shutterstock_86219923-460x306.jpg 460w\" sizes=\"(max-width: 500px) 100vw, 500px\" \/>\t\t\t\t\t\t\t\t\t\t\t\t\t\t\t<\/div>\n\t\t\t\t<\/div>\n\t\t\t\t\t<\/div>\n\t\t<\/div>\n\t\t\t\t\t\t\t<\/div>\n\t\t<\/section>\n\t\t\t\t<section class=\"elementor-section elementor-top-section elementor-element elementor-element-d5ec006 elementor-section-stretched elementor-section-boxed elementor-section-height-default elementor-section-height-default\" data-id=\"d5ec006\" data-element_type=\"section\" data-settings=\"{&quot;stretch_section&quot;:&quot;section-stretched&quot;,&quot;background_background&quot;:&quot;classic&quot;}\">\n\t\t\t\t\t\t<div class=\"elementor-container elementor-column-gap-extended\">\n\t\t\t\t\t<div class=\"elementor-column elementor-col-100 elementor-top-column elementor-element elementor-element-f15b767\" data-id=\"f15b767\" data-element_type=\"column\">\n\t\t\t<div class=\"elementor-widget-wrap\">\n\t\t\t\t\t\t\t\t\t<\/div>\n\t\t<\/div>\n\t\t\t\t\t\t\t<\/div>\n\t\t<\/section>\n\t\t\t\t<section class=\"elementor-section elementor-top-section elementor-element elementor-element-c892b4f elementor-section-stretched elementor-section-boxed elementor-section-height-default elementor-section-height-default\" data-id=\"c892b4f\" data-element_type=\"section\" data-settings=\"{&quot;stretch_section&quot;:&quot;section-stretched&quot;,&quot;background_background&quot;:&quot;classic&quot;}\">\n\t\t\t\t\t\t<div class=\"elementor-container elementor-column-gap-extended\">\n\t\t\t\t\t<div class=\"elementor-column elementor-col-100 elementor-top-column elementor-element elementor-element-ba2274b\" data-id=\"ba2274b\" data-element_type=\"column\">\n\t\t\t<div class=\"elementor-widget-wrap\">\n\t\t\t\t\t\t\t\t\t<\/div>\n\t\t<\/div>\n\t\t\t\t\t\t\t<\/div>\n\t\t<\/section>\n\t\t\t\t<section class=\"elementor-section elementor-top-section elementor-element elementor-element-8a89713 elementor-section-stretched elementor-section-boxed elementor-section-height-default elementor-section-height-default\" data-id=\"8a89713\" data-element_type=\"section\" data-settings=\"{&quot;stretch_section&quot;:&quot;section-stretched&quot;}\">\n\t\t\t\t\t\t<div class=\"elementor-container elementor-column-gap-extended\">\n\t\t\t\t\t<div class=\"elementor-column elementor-col-100 elementor-top-column elementor-element elementor-element-383bd52\" data-id=\"383bd52\" data-element_type=\"column\">\n\t\t\t<div class=\"elementor-widget-wrap\">\n\t\t\t\t\t\t\t\t\t<\/div>\n\t\t<\/div>\n\t\t\t\t\t\t\t<\/div>\n\t\t<\/section>\n\t\t\t\t\t\t\t<\/div>\n\t\t","protected":false},"excerpt":{"rendered":"<p>Vi er altid klar til at hj\u00e6lpe dig Sunds Murerfirma har eksisteret siden 1984 og er en traditionel murer- og betonvirksomhed. Virksomheden laver stort set alt inden for Beton, elementmontage og murerarbejde. Vores stab af veluddannede medarbejdere er alle erfarne, og mange af dem har v\u00e6ret med helt fra virksomhedens start. Ligeledes har vi en &hellip; <br \/><a href=\"https:\/\/sundsmurerfirma.dk\/?page_id=1743\" class=\"more-link\">Continue reading <span class=\"screen-reader-text\">Profil<\/span><\/a><\/p>\n","protected":false},"author":1,"featured_media":0,"parent":0,"menu_order":0,"comment_status":"closed","ping_status":"closed","template":"","meta":{"_mi_skip_tracking":false},"aioseo_notices":[],"_links":{"self":[{"href":"https:\/\/sundsmurerfirma.dk\/index.php?rest_route=\/wp\/v2\/pages\/1743"}],"collection":[{"href":"https:\/\/sundsmurerfirma.dk\/index.php?rest_route=\/wp\/v2\/pages"}],"about":[{"href":"https:\/\/sundsmurerfirma.dk\/index.php?rest_route=\/wp\/v2\/types\/page"}],"author":[{"embeddable":true,"href":"https:\/\/sundsmurerfirma.dk\/index.php?rest_route=\/wp\/v2\/users\/1"}],"replies":[{"embeddable":true,"href":"https:\/\/sundsmurerfirma.dk\/index.php?rest_route=%2Fwp%2Fv2%2Fcomments&post=1743"}],"version-history":[{"count":55,"href":"https:\/\/sundsmurerfirma.dk\/index.php?rest_route=\/wp\/v2\/pages\/1743\/revisions"}],"predecessor-version":[{"id":4218,"href":"https:\/\/sundsmurerfirma.dk\/index.php?rest_route=\/wp\/v2\/pages\/1743\/revisions\/4218"}],"wp:attachment":[{"href":"https:\/\/sundsmurerfirma.dk\/index.php?rest_route=%2Fwp%2Fv2%2Fmedia&parent=1743"}],"curies":[{"name":"wp","href":"https:\/\/api.w.org\/{rel}","templated":true}]}}